{"id":1012,"date":"2026-04-23T17:07:35","date_gmt":"2026-04-23T15:07:35","guid":{"rendered":"https:\/\/chronojump.somnuvol.coop\/producte\/chronopic-para-encoder\/"},"modified":"2026-04-25T05:00:05","modified_gmt":"2026-04-25T03:00:05","slug":"chronopic-para-encoder","status":"publish","type":"product","link":"https:\/\/chronojump.somnuvol.coop\/es\/producte\/chronopic-para-encoder\/","title":{"rendered":"Chronopic (para encoder)"},"content":{"rendered":"<p>Dispositivo electr\u00f3nico que env\u00eda la se\u00f1al del encoder.<\/p>\n","protected":false},"excerpt":{"rendered":"<p>Dispositivo electr\u00f3nico que env\u00eda la se\u00f1al del encoder.<\/p>\n","protected":false},"featured_media":0,"template":"","meta":[],"product_brand":[],"product_cat":[140],"product_tag":[],"class_list":{"0":"post-1012","1":"product","2":"type-product","3":"status-publish","5":"product_cat-encoder-equipment-encoder","7":"first","8":"instock","9":"taxable","10":"shipping-taxable","11":"purchasable","12":"product-type-simple"},"_links":{"self":[{"href":"https:\/\/chronojump.somnuvol.coop\/es\/wp-json\/wp\/v2\/product\/1012","targetHints":{"allow":["GET"]}}],"collection":[{"href":"https:\/\/chronojump.somnuvol.coop\/es\/wp-json\/wp\/v2\/product"}],"about":[{"href":"https:\/\/chronojump.somnuvol.coop\/es\/wp-json\/wp\/v2\/types\/product"}],"wp:attachment":[{"href":"https:\/\/chronojump.somnuvol.coop\/es\/wp-json\/wp\/v2\/media?parent=1012"}],"wp:term":[{"taxonomy":"product_brand","embeddable":true,"href":"https:\/\/chronojump.somnuvol.coop\/es\/wp-json\/wp\/v2\/product_brand?post=1012"},{"taxonomy":"product_cat","embeddable":true,"href":"https:\/\/chronojump.somnuvol.coop\/es\/wp-json\/wp\/v2\/product_cat?post=1012"},{"taxonomy":"product_tag","embeddable":true,"href":"https:\/\/chronojump.somnuvol.coop\/es\/wp-json\/wp\/v2\/product_tag?post=1012"}],"curies":[{"name":"wp","href":"https:\/\/api.w.org\/{rel}","templated":true}]}}