{"id":1018,"date":"2026-04-23T17:07:37","date_gmt":"2026-04-23T15:07:37","guid":{"rendered":"https:\/\/chronojump.somnuvol.coop\/producte\/convertidor-a-d-celula-de-carga\/"},"modified":"2026-04-25T05:00:07","modified_gmt":"2026-04-25T03:00:07","slug":"convertidor-a-d-celula-de-carga","status":"publish","type":"product","link":"https:\/\/chronojump.somnuvol.coop\/es\/producte\/convertidor-a-d-celula-de-carga\/","title":{"rendered":"Convertidor A\/D c\u00e9lula de carga"},"content":{"rendered":"<p>Convertidor anal\u00f3gico a digital (A\/D). Convierte la se\u00f1al anal\u00f3gica del medidor de fuerza en una se\u00f1al digital que puede ser le\u00edda por el software Chronojump<\/p>\n","protected":false},"excerpt":{"rendered":"<p>Convertidor anal\u00f3gico a digital (A\/D). Convierte la se\u00f1al anal\u00f3gica del medidor de fuerza en una se\u00f1al digital que puede ser le\u00edda por el software Chronojump<\/p>\n","protected":false},"featured_media":0,"template":"","meta":[],"product_brand":[],"product_cat":[141],"product_tag":[],"class_list":{"0":"post-1018","1":"product","2":"type-product","3":"status-publish","5":"product_cat-force-equipment-forca","7":"first","8":"instock","9":"taxable","10":"shipping-taxable","11":"purchasable","12":"product-type-simple"},"_links":{"self":[{"href":"https:\/\/chronojump.somnuvol.coop\/es\/wp-json\/wp\/v2\/product\/1018","targetHints":{"allow":["GET"]}}],"collection":[{"href":"https:\/\/chronojump.somnuvol.coop\/es\/wp-json\/wp\/v2\/product"}],"about":[{"href":"https:\/\/chronojump.somnuvol.coop\/es\/wp-json\/wp\/v2\/types\/product"}],"wp:attachment":[{"href":"https:\/\/chronojump.somnuvol.coop\/es\/wp-json\/wp\/v2\/media?parent=1018"}],"wp:term":[{"taxonomy":"product_brand","embeddable":true,"href":"https:\/\/chronojump.somnuvol.coop\/es\/wp-json\/wp\/v2\/product_brand?post=1018"},{"taxonomy":"product_cat","embeddable":true,"href":"https:\/\/chronojump.somnuvol.coop\/es\/wp-json\/wp\/v2\/product_cat?post=1018"},{"taxonomy":"product_tag","embeddable":true,"href":"https:\/\/chronojump.somnuvol.coop\/es\/wp-json\/wp\/v2\/product_tag?post=1018"}],"curies":[{"name":"wp","href":"https:\/\/api.w.org\/{rel}","templated":true}]}}