{"id":1039,"date":"2026-04-23T17:08:11","date_gmt":"2026-04-23T15:08:11","guid":{"rendered":"https:\/\/chronojump.somnuvol.coop\/producte\/kit-encoder-de-rotacion\/"},"modified":"2026-04-25T06:00:04","modified_gmt":"2026-04-25T04:00:04","slug":"kit-encoder-de-rotacion","status":"publish","type":"product","link":"https:\/\/chronojump.somnuvol.coop\/es\/producte\/kit-encoder-de-rotacion\/","title":{"rendered":"Kit encoder de rotaci\u00f3n"},"content":{"rendered":"<p>Este dispositivo mide el \u00e1ngulo de rotaci\u00f3n de un eje.<br \/>\nPermite el monitoreo de m\u00e1quinas inerciales.<br \/>\n\u00a1Atenci\u00f3n! Este dispositivo requiere experiencia en montaje mec\u00e1nico. as\u00ed como herramientas para la mecanizaci\u00f3n de la m\u00e1quina inercial que se va a monitorizar.<\/p>\n","protected":false},"excerpt":{"rendered":"<p>Este dispositivo mide el \u00e1ngulo de rotaci\u00f3n de un eje.<br \/>\nPermite el monitoreo de m\u00e1quinas inerciales.<br \/>\n\u00a1Atenci\u00f3n! Este dispositivo requiere experiencia en montaje mec\u00e1nico. as\u00ed como herramientas para la mecanizaci\u00f3n de la&#8230;<\/p>\n","protected":false},"featured_media":520,"template":"","meta":[],"product_brand":[],"product_cat":[140],"product_tag":[],"class_list":{"0":"post-1039","1":"product","2":"type-product","3":"status-publish","4":"has-post-thumbnail","6":"product_cat-encoder-equipment-encoder","8":"first","9":"instock","10":"taxable","11":"shipping-taxable","12":"purchasable","13":"product-type-simple"},"_links":{"self":[{"href":"https:\/\/chronojump.somnuvol.coop\/es\/wp-json\/wp\/v2\/product\/1039","targetHints":{"allow":["GET"]}}],"collection":[{"href":"https:\/\/chronojump.somnuvol.coop\/es\/wp-json\/wp\/v2\/product"}],"about":[{"href":"https:\/\/chronojump.somnuvol.coop\/es\/wp-json\/wp\/v2\/types\/product"}],"wp:featuredmedia":[{"embeddable":true,"href":"https:\/\/chronojump.somnuvol.coop\/es\/wp-json\/wp\/v2\/media\/520"}],"wp:attachment":[{"href":"https:\/\/chronojump.somnuvol.coop\/es\/wp-json\/wp\/v2\/media?parent=1039"}],"wp:term":[{"taxonomy":"product_brand","embeddable":true,"href":"https:\/\/chronojump.somnuvol.coop\/es\/wp-json\/wp\/v2\/product_brand?post=1039"},{"taxonomy":"product_cat","embeddable":true,"href":"https:\/\/chronojump.somnuvol.coop\/es\/wp-json\/wp\/v2\/product_cat?post=1039"},{"taxonomy":"product_tag","embeddable":true,"href":"https:\/\/chronojump.somnuvol.coop\/es\/wp-json\/wp\/v2\/product_tag?post=1039"}],"curies":[{"name":"wp","href":"https:\/\/api.w.org\/{rel}","templated":true}]}}