{"id":1051,"date":"2026-04-23T17:08:14","date_gmt":"2026-04-23T15:08:14","guid":{"rendered":"https:\/\/chronojump.somnuvol.coop\/producte\/cotrolador-wichro\/"},"modified":"2026-04-25T06:00:08","modified_gmt":"2026-04-25T04:00:08","slug":"cotrolador-wichro","status":"publish","type":"product","link":"https:\/\/chronojump.somnuvol.coop\/es\/producte\/cotrolador-wichro\/","title":{"rendered":"Cotrolador Wichro"},"content":{"rendered":"<p>Dispositivo que se comunica con los terminales y env\u00eda la informaci\u00f3n al ordenador a trav\u00e9s del cable USB.<\/p>\n","protected":false},"excerpt":{"rendered":"<p>Dispositivo que se comunica con los terminales y env\u00eda la informaci\u00f3n al ordenador a trav\u00e9s del cable USB.<\/p>\n","protected":false},"featured_media":533,"template":"","meta":[],"product_brand":[],"product_cat":[146],"product_tag":[],"class_list":{"0":"post-1051","1":"product","2":"type-product","3":"status-publish","4":"has-post-thumbnail","6":"product_cat-race-equipment-curses","8":"first","9":"instock","10":"taxable","11":"shipping-taxable","12":"purchasable","13":"product-type-simple"},"_links":{"self":[{"href":"https:\/\/chronojump.somnuvol.coop\/es\/wp-json\/wp\/v2\/product\/1051","targetHints":{"allow":["GET"]}}],"collection":[{"href":"https:\/\/chronojump.somnuvol.coop\/es\/wp-json\/wp\/v2\/product"}],"about":[{"href":"https:\/\/chronojump.somnuvol.coop\/es\/wp-json\/wp\/v2\/types\/product"}],"wp:featuredmedia":[{"embeddable":true,"href":"https:\/\/chronojump.somnuvol.coop\/es\/wp-json\/wp\/v2\/media\/533"}],"wp:attachment":[{"href":"https:\/\/chronojump.somnuvol.coop\/es\/wp-json\/wp\/v2\/media?parent=1051"}],"wp:term":[{"taxonomy":"product_brand","embeddable":true,"href":"https:\/\/chronojump.somnuvol.coop\/es\/wp-json\/wp\/v2\/product_brand?post=1051"},{"taxonomy":"product_cat","embeddable":true,"href":"https:\/\/chronojump.somnuvol.coop\/es\/wp-json\/wp\/v2\/product_cat?post=1051"},{"taxonomy":"product_tag","embeddable":true,"href":"https:\/\/chronojump.somnuvol.coop\/es\/wp-json\/wp\/v2\/product_tag?post=1051"}],"curies":[{"name":"wp","href":"https:\/\/api.w.org\/{rel}","templated":true}]}}