{"id":959,"date":"2026-04-23T17:06:21","date_gmt":"2026-04-23T15:06:21","guid":{"rendered":"https:\/\/chronojump.somnuvol.coop\/producte\/bateria-para-fotocelula-wichro-externa\/"},"modified":"2026-04-25T03:00:14","modified_gmt":"2026-04-25T01:00:14","slug":"bateria-para-fotocelula-wichro-externa","status":"publish","type":"product","link":"https:\/\/chronojump.somnuvol.coop\/es\/producte\/bateria-para-fotocelula-wichro-externa\/","title":{"rendered":"Bater\u00eda para fotoc\u00e9lula WICHRO (externa)"},"content":{"rendered":"<p>Bater\u00eda recargable que facilita la alimentaci\u00f3n de las fotoc\u00e9lulas.<\/p>\n","protected":false},"excerpt":{"rendered":"<p>Bater\u00eda recargable que facilita la alimentaci\u00f3n de las fotoc\u00e9lulas.<\/p>\n","protected":false},"featured_media":0,"template":"","meta":[],"product_brand":[],"product_cat":[146],"product_tag":[],"class_list":{"0":"post-959","1":"product","2":"type-product","3":"status-publish","5":"product_cat-race-equipment-curses","7":"first","8":"instock","9":"taxable","10":"shipping-taxable","11":"purchasable","12":"product-type-simple"},"_links":{"self":[{"href":"https:\/\/chronojump.somnuvol.coop\/es\/wp-json\/wp\/v2\/product\/959","targetHints":{"allow":["GET"]}}],"collection":[{"href":"https:\/\/chronojump.somnuvol.coop\/es\/wp-json\/wp\/v2\/product"}],"about":[{"href":"https:\/\/chronojump.somnuvol.coop\/es\/wp-json\/wp\/v2\/types\/product"}],"wp:attachment":[{"href":"https:\/\/chronojump.somnuvol.coop\/es\/wp-json\/wp\/v2\/media?parent=959"}],"wp:term":[{"taxonomy":"product_brand","embeddable":true,"href":"https:\/\/chronojump.somnuvol.coop\/es\/wp-json\/wp\/v2\/product_brand?post=959"},{"taxonomy":"product_cat","embeddable":true,"href":"https:\/\/chronojump.somnuvol.coop\/es\/wp-json\/wp\/v2\/product_cat?post=959"},{"taxonomy":"product_tag","embeddable":true,"href":"https:\/\/chronojump.somnuvol.coop\/es\/wp-json\/wp\/v2\/product_tag?post=959"}],"curies":[{"name":"wp","href":"https:\/\/api.w.org\/{rel}","templated":true}]}}